{"id":3823,"date":"2016-09-29T10:19:32","date_gmt":"2016-09-29T10:19:32","guid":{"rendered":"https:\/\/www.saladalmau.com\/ca\/politica-de-cookies\/"},"modified":"2016-10-07T11:48:38","modified_gmt":"2016-10-07T11:48:38","slug":"politica-de-cookies","status":"publish","type":"page","link":"https:\/\/www.saladalmau.com\/ca\/politica-de-cookies\/","title":{"rendered":"POL\u00cdTICA DE COOKIES"},"content":{"rendered":"<p>Aquesta web utilitza tant &#8216;cookies&#8217; temporals de sessi\u00f3 com &#8216;cookies&#8217; permanents. Les &#8216;cookies&#8217; de sessi\u00f3 emmagatzemen dades \u00fanicament mentre l&#8217;usuari<br \/>\naccedeix al web i les &#8216;cookies&#8217; permanents s&#8217;emmagatzemen les dades en el terminal perqu\u00e8 siguin accedits i utilitzats en m\u00e9s d&#8217;una sessi\u00f3.<\/p>\n<p>Segons la finalitat per a la qual es tractin les dades obtingudes a trav\u00e9s de les &#8216;cookies&#8217;, el web pot utilitzar:<\/p>\n<p>Cookies t\u00e8cniques<\/p>\n<p>S\u00f3n aquelles que permeten a l&#8217;usuari la navegaci\u00f3 a trav\u00e9s de la p\u00e0gina web o aplicaci\u00f3 i la utilitzaci\u00f3 de les diferents opcions o serveis que en<br \/>\nella existeixen. Per exemple, controlar el tr\u00e0nsit i la comunicaci\u00f3 de dades, identificar la sessi\u00f3, accedir a les parts web d&#8217;acc\u00e9s restringit, recordar<br \/>\nels elements que integren una comanda, fer la sol\u00b7licitud d&#8217;inscripci\u00f3 o participaci\u00f3 en un esdeveniment, utilitzar elements de seguretat durant la<br \/>\nnavegaci\u00f3 i emmagatzemar continguts per a la difusi\u00f3 de v\u00eddeos o so.<\/p>\n<p>Cookies de personalitzaci\u00f3<\/p>\n<p>S\u00f3n aquelles que permeten a l&#8217;usuari accedir al servei amb algunes caracter\u00edstiques de car\u00e0cter general predefinides en el seu terminal o que el propi<br \/>\nusuari defineixi. Per exemple, l&#8217;idioma, el tipus de navegador mitjan\u00e7ant el qual accedeix al servei, el disseny de continguts seleccionat, geolocalitzaci\u00f3<br \/>\ndel terminal i la configuraci\u00f3 regional des d&#8217;on s&#8217;accedeix al servei.<\/p>\n<p>Cookies publicit\u00e0ries<\/p>\n<p>S\u00f3n aquelles que permeten la gesti\u00f3 efica\u00e7 dels espais publicitaris que s&#8217;han incl\u00f2s a la p\u00e0gina web o aplicaci\u00f3 des de la qual es presta el<br \/>\nservei. Permeten adequar el contingut de la publicitat perqu\u00e8 aquesta sigui rellevant per a l&#8217;usuari i per evitar mostrar anuncis que l&#8217;usuari ja hagi<br \/>\nvist.<\/p>\n<p>Cookies d&#8217;an\u00e0lisi estad\u00edstica<\/p>\n<p>S\u00f3n aquelles que permeten fer el seguiment i an\u00e0lisi del comportament dels usuaris en els llocs web. La informaci\u00f3 recollida mitjan\u00e7ant aquest<br \/>\ntipus de &#8216;cookies&#8217; s&#8217;utilitza en el mesurament de l&#8217;activitat dels llocs web, aplicaci\u00f3 o plataforma i per a l&#8217;elaboraci\u00f3 de perfils de navegaci\u00f3 de<br \/>\nels usuaris d&#8217;aquests llocs, per tal d&#8217;introduir millores en el servei en funci\u00f3 de les dades d&#8217;\u00fas que fan els usuaris.<\/p>\n<p>Per a qualsevol dubte sobre les condicions d&#8217;\u00fas de la p\u00e0gina i el seu contingut aneu a l&#8217;apartat i llegeixi els termes i condicions.<\/p>\n","protected":false},"excerpt":{"rendered":"<p>Aquesta web utilitza tant &#8216;cookies&#8217; temporals de sessi\u00f3 com &#8216;cookies&#8217; permanents. Les &#8216;cookies&#8217; de sessi\u00f3 emmagatzemen dades \u00fanicament mentre l&#8217;usuari accedeix al web i les &#8216;cookies&#8217; permanents s&#8217;emmagatzemen les dades en el terminal perqu\u00e8 siguin accedits i utilitzats en m\u00e9s d&#8217;una sessi\u00f3. Segons la finalitat [&hellip;]<\/p>\n","protected":false},"author":1,"featured_media":0,"parent":0,"menu_order":0,"comment_status":"closed","ping_status":"closed","template":"","meta":[],"acf":[],"_links":{"self":[{"href":"https:\/\/www.saladalmau.com\/ca\/wp-json\/wp\/v2\/pages\/3823"}],"collection":[{"href":"https:\/\/www.saladalmau.com\/ca\/wp-json\/wp\/v2\/pages"}],"about":[{"href":"https:\/\/www.saladalmau.com\/ca\/wp-json\/wp\/v2\/types\/page"}],"author":[{"embeddable":true,"href":"https:\/\/www.saladalmau.com\/ca\/wp-json\/wp\/v2\/users\/1"}],"replies":[{"embeddable":true,"href":"https:\/\/www.saladalmau.com\/ca\/wp-json\/wp\/v2\/comments?post=3823"}],"version-history":[{"count":1,"href":"https:\/\/www.saladalmau.com\/ca\/wp-json\/wp\/v2\/pages\/3823\/revisions"}],"predecessor-version":[{"id":3825,"href":"https:\/\/www.saladalmau.com\/ca\/wp-json\/wp\/v2\/pages\/3823\/revisions\/3825"}],"wp:attachment":[{"href":"https:\/\/www.saladalmau.com\/ca\/wp-json\/wp\/v2\/media?parent=3823"}],"curies":[{"name":"wp","href":"https:\/\/api.w.org\/{rel}","templated":true}]}}