{"id":300,"date":"2016-09-15T08:41:36","date_gmt":"2016-09-15T08:41:36","guid":{"rendered":"https:\/\/www.saladalmau.com\/ca\/?page_id=300"},"modified":"2025-03-04T11:09:25","modified_gmt":"2025-03-04T10:09:25","slug":"benvinguts-2","status":"publish","type":"page","link":"https:\/\/www.saladalmau.com\/ca\/","title":{"rendered":"Benvinguts"},"content":{"rendered":"<section class=\"wpb-content-wrapper\"><p>[vc_row][vc_column][vc_column_text]<\/p>\n<h1 style=\"text-align: center;\">GALERIA SALA DALMAU<\/h1>\n<p style=\"text-align: center;\">La Sala Dalmau, fundada el 1979, es una <a href=\"\/?p=7894\">galeria d\u2019art <\/a>que uneix art modern i contemporani.<\/p>\n<p>[\/vc_column_text][\/vc_column][\/vc_row][vc_row][vc_column][vc_empty_space height=&#8221;70px&#8221;][\/vc_column][\/vc_row][vc_row el_class=&#8221;home_columns&#8221;][vc_column width=&#8221;1\/2&#8243; el_class=&#8221;home_left&#8221;][vc_column_text]<\/p>\n<p>La Dalmau s&#8217;acomiada.<\/p>\n<p>Despr\u00e9s de 45 anys de feli\u00e7 i gratificant traject\u00f2ria, la Dalmau s&#8217;acomiada.<\/p>\n<p>En arribar als 45 anys de galeria hem decidit clausurar un cicle molt feli\u00e7 i de plenitud professional. La nostra traject\u00f2ria s&#8217;ha caracteritzat per haver aconseguit portar a Barcelona exposicions d&#8217;avantguardes hist\u00f2riques i Escola Espanyola de Par\u00eds amb les quals tots hem apr\u00e8s molt\u00edssim. Simult\u00e0niament, ens hem envoltat d&#8217;un grup d&#8217;artistes contemporanis que ens han acompanyat al llarg d&#8217;aquests anys.<\/p>\n<p>Els reconeixements obtinguts per part de la cr\u00edtica, amb els dos premis ACCA, i el GAC a la traject\u00f2ria per part dels galeristes, ens han confirmat la idone\u00eftat del cam\u00ed que v\u00e0rem triar en aquell lluny\u00e0 1979.<\/p>\n<p>No obstant aix\u00f2, tot t\u00e9 un principi i un final, i hem volgut anar-nos deixant un bon record a Barcelona. La mostra d&#8217;octubre 2024, dedicada a J. Torres-Garcia, ha estat el colof\u00f3 final de la Dalmau, el comiat. L&#8217;\u00e8xit d&#8217;aquesta exposici\u00f3 s&#8217;ha degut a la col\u00b7laboraci\u00f3 dels col\u00b7leccionistes, la premsa i tots vosaltres.<\/p>\n<p>Gr\u00e0cies per haver compartit amb nosaltres aquest llarg i gratificant cam\u00ed<\/p>\n<p>[\/vc_column_text][vc_column_text el_class=&#8221;p_justify&#8221;]<\/p>\n<p>&nbsp;<\/p>\n<p>&nbsp;<\/p>\n<p>[\/vc_column_text][\/vc_column][vc_column width=&#8221;1\/2&#8243; el_class=&#8221;home_right&#8221;][vc_column_text]<\/p>\n<h2 style=\"text-align: center;\">\u00a0<\/h2>\n<p>&nbsp;<\/p>\n<p>[\/vc_column_text][vc_single_image image=&#8221;47932&#8243; img_size=&#8221;full&#8221; onclick=&#8221;custom_link&#8221; css_animation=&#8221;top-to-bottom&#8221; link=&#8221;https:\/\/www.saladalmau.com\/ca\/galeria-dart-a-barcelona\/&#8221;][vc_column_text el_class=&#8221;p_justify&#8221;][\/vc_column_text][\/vc_column][\/vc_row][vc_row][vc_column][vc_empty_space height=&#8221;70px&#8221;][\/vc_column][\/vc_row]<\/p>\n<\/section>","protected":false},"excerpt":{"rendered":"<p>[vc_row][vc_column][vc_column_text] GALERIA SALA DALMAU La Sala Dalmau, fundada el 1979, es una galeria d\u2019art que uneix art modern i contemporani. [\/vc_column_text][\/vc_column][\/vc_row][vc_row][vc_column][vc_empty_space height=&#8221;70px&#8221;][\/vc_column][\/vc_row][vc_row el_class=&#8221;home_columns&#8221;][vc_column width=&#8221;1\/2&#8243; el_class=&#8221;home_left&#8221;][vc_column_text] La Dalmau s&#8217;acomiada. Despr\u00e9s de 45 anys de feli\u00e7 i gratificant traject\u00f2ria, la Dalmau s&#8217;acomiada. En arribar als 45 anys [&hellip;]<\/p>\n","protected":false},"author":2,"featured_media":0,"parent":0,"menu_order":0,"comment_status":"closed","ping_status":"closed","template":"","meta":[],"acf":[],"_links":{"self":[{"href":"https:\/\/www.saladalmau.com\/ca\/wp-json\/wp\/v2\/pages\/300"}],"collection":[{"href":"https:\/\/www.saladalmau.com\/ca\/wp-json\/wp\/v2\/pages"}],"about":[{"href":"https:\/\/www.saladalmau.com\/ca\/wp-json\/wp\/v2\/types\/page"}],"author":[{"embeddable":true,"href":"https:\/\/www.saladalmau.com\/ca\/wp-json\/wp\/v2\/users\/2"}],"replies":[{"embeddable":true,"href":"https:\/\/www.saladalmau.com\/ca\/wp-json\/wp\/v2\/comments?post=300"}],"version-history":[{"count":147,"href":"https:\/\/www.saladalmau.com\/ca\/wp-json\/wp\/v2\/pages\/300\/revisions"}],"predecessor-version":[{"id":49403,"href":"https:\/\/www.saladalmau.com\/ca\/wp-json\/wp\/v2\/pages\/300\/revisions\/49403"}],"wp:attachment":[{"href":"https:\/\/www.saladalmau.com\/ca\/wp-json\/wp\/v2\/media?parent=300"}],"curies":[{"name":"wp","href":"https:\/\/api.w.org\/{rel}","templated":true}]}}