{"id":2946,"date":"2016-09-29T10:15:28","date_gmt":"2016-09-29T10:15:28","guid":{"rendered":"https:\/\/www.saladalmau.com\/ca\/?page_id=2946"},"modified":"2019-11-07T00:21:39","modified_gmt":"2019-11-06T23:21:39","slug":"avis-legal","status":"publish","type":"page","link":"https:\/\/www.saladalmau.com\/ca\/avis-legal\/","title":{"rendered":"AVIS LEGAL"},"content":{"rendered":"<p><strong>Av\u00eds legal i Pol\u00edtica de Privacitat<\/strong><\/p>\n<p>El web que esteu consultant \u00e9s propietat de PROMIART, S.L. CIF: B08536310. GALERIA SALA DALMAU. Domicili: C \/ Consell de Cent, 349. 08007 Barcelona. Inscrita en el Registre Mercantil de Barcelona, Tom 4309, Llibre 3643, Foli 15, Secci\u00f3 2\u00aa, Full 45.557.<\/p>\n<p>Mitjan\u00e7ant aquesta declaraci\u00f3 s&#8217;informa als visitants i usuaris de www.saladalmau.com (en endavant, el lloc web) de la pol\u00edtica que la nostra empresa segueix<br \/>\nen el tractament de les dades que es reben en aquest lloc web. L&#8217;objectiu de la nostra pol\u00edtica de privacitat \u00e9s respectar al m\u00e0xim la legislaci\u00f3 vigent<br \/>\nde protecci\u00f3 de dades personals. Si vost\u00e8 t\u00e9 qualsevol dubte sobre la confidencialitat o el tractament que reben les seves dades, aix\u00ed com si desitja<br \/>\nexercir algun dels drets d&#8217;informaci\u00f3, oposici\u00f3, rectificaci\u00f3 i cancel\u00b7laci\u00f3 que legalment li corresponen, (o qualsevol altre dret que vost\u00e8<br \/>\ncregui que li pot assistir) pot dirigir-se a:<\/p>\n<p><strong>GALER\u00cdA SALA DALMAU<\/strong><\/p>\n<p>tel\u00e8fon: 93 215 45 92<\/p>\n<p>mail: saladalmau@saladalmau.com<\/p>\n<p>En els formularis de consulta que es troben a la web es recull aquella informaci\u00f3 que ens ajuda a respondre les consultes o preguntes que ens<br \/>\nformulen i a mantenir el contacte comercial amb visitants de la p\u00e0gina interessats en les obres i autors exposats. Aquesta informaci\u00f3 \u00e9s rebuda per<br \/>\nGALERIA SALA DALMAU i mai \u00e9s venuda, cedida o llogada a altres empreses.<\/p>\n<p>Segons el que estableix l&#8217;article 5 de la Llei Org\u00e0nica 15\/1999, li comuniquem que les dades recollides en els presents formularis formaran<br \/>\npart del fitxer de dades del web de GALERIA SALA DALMAU. La finalitat de la informaci\u00f3 recollida ser\u00e0 mantenir el contacte amb vost\u00e8 per facilitar<br \/>\nla informaci\u00f3 sol\u00b7licitada en el seu cas.<\/p>\n<p>GALERIA SALA DALMAU assegura la confidencialitat de les dades aportades i garanteix que, en cap cas, seran cedides per a cap altre \u00fas sense intervenir<br \/>\nconsentiment previ i expr\u00e9s.<\/p>\n<p>En compliment del que disposa la Llei Org\u00e0nica 15\/1999 de 13 de desembre, els clients i usuaris de GALERIA SALA DALMAU poden, en tot moment,<br \/>\nexercitar els drets d&#8217;acc\u00e9s, rectificaci\u00f3, cancel\u00b7laci\u00f3 i oposici\u00f3 sobre les seves dades personals contactant amb GALERIA SALA DALMAU o mitjan\u00e7ant el correu<br \/>\nsaladalmau@saladalmau.com amb l&#8217;assumpte corresponent.<\/p>\n<p>El web GALERIA SALA DALMAU disposa en el seu servidor d&#8217;un programa estad\u00edstic que controla a nivell agregat les dades generals dels visitants a aquesta<br \/>\nweb, com ara p\u00e0gines m\u00e9s vistes, pa\u00efsos d&#8217;origen dels visitants i similars. La finalitat d&#8217;aquestes estad\u00edstiques \u00e9s oferir als GALERIA SALA DALMAU 1<br \/>\nvisi\u00f3 general de la web i la seva evoluci\u00f3, sempre a nivell agregat, pel que no es controlen visites d&#8217;usuaris en concret.<\/p>\n<p><strong>Propietat Intel\u00b7lectual i \u00fas dels continguts. <\/strong><\/p>\n<p>Els continguts generals del web (imatges, textos, logotips) s\u00f3n propietat de GALERIA SALA DALMAU. Els continguts, imatges i fotografies d&#8217;obres de<br \/>\nels diferents artistes i exposicions s\u00f3n propietat de qui els ha escrit, i apareixen reprodu\u00efts amb el perm\u00eds dels mateixos conforme a la seva relaci\u00f3<br \/>\ncontractual amb PROMIART, S.L.<\/p>\n<p>Cap contingut del web pot ser reprodu\u00eft, esmentat ni enlla\u00e7at per qualsevol mitj\u00e0 t\u00e8cnic sense el perm\u00eds expr\u00e9s per escrit de PROMIART, S.L.<\/p>\n<p>Eventualment aquesta web pot publicar continguts d&#8217;altres col\u00b7laboradors en forma d&#8217;articles especialitzats o entrades de bloc. En tot cas els permisos<br \/>\nde reproducci\u00f3 i enlla\u00e7 seran els esmentats en aquest punt per als continguts propis.<\/p>\n","protected":false},"excerpt":{"rendered":"<p>Av\u00eds legal i Pol\u00edtica de Privacitat El web que esteu consultant \u00e9s propietat de PROMIART, S.L. CIF: B08536310. GALERIA SALA DALMAU. Domicili: C \/ Consell de Cent, 349. 08007 Barcelona. Inscrita en el Registre Mercantil de Barcelona, Tom 4309, Llibre 3643, Foli 15, Secci\u00f3 2\u00aa, [&hellip;]<\/p>\n","protected":false},"author":1,"featured_media":0,"parent":0,"menu_order":0,"comment_status":"closed","ping_status":"closed","template":"","meta":[],"acf":[],"_links":{"self":[{"href":"https:\/\/www.saladalmau.com\/ca\/wp-json\/wp\/v2\/pages\/2946"}],"collection":[{"href":"https:\/\/www.saladalmau.com\/ca\/wp-json\/wp\/v2\/pages"}],"about":[{"href":"https:\/\/www.saladalmau.com\/ca\/wp-json\/wp\/v2\/types\/page"}],"author":[{"embeddable":true,"href":"https:\/\/www.saladalmau.com\/ca\/wp-json\/wp\/v2\/users\/1"}],"replies":[{"embeddable":true,"href":"https:\/\/www.saladalmau.com\/ca\/wp-json\/wp\/v2\/comments?post=2946"}],"version-history":[{"count":7,"href":"https:\/\/www.saladalmau.com\/ca\/wp-json\/wp\/v2\/pages\/2946\/revisions"}],"predecessor-version":[{"id":5866,"href":"https:\/\/www.saladalmau.com\/ca\/wp-json\/wp\/v2\/pages\/2946\/revisions\/5866"}],"wp:attachment":[{"href":"https:\/\/www.saladalmau.com\/ca\/wp-json\/wp\/v2\/media?parent=2946"}],"curies":[{"name":"wp","href":"https:\/\/api.w.org\/{rel}","templated":true}]}}