{"id":276,"date":"2016-09-15T07:48:26","date_gmt":"2016-09-15T07:48:26","guid":{"rendered":"https:\/\/www.saladalmau.com\/ca\/?page_id=276"},"modified":"2023-06-13T09:52:21","modified_gmt":"2023-06-13T08:52:21","slug":"galeria-dart-a-barcelona","status":"publish","type":"page","link":"https:\/\/www.saladalmau.com\/ca\/galeria-dart-a-barcelona\/","title":{"rendered":"Galeria d&#8217;art"},"content":{"rendered":"<section class=\"wpb-content-wrapper\"><p>[vc_row][vc_column][vc_column_text]<\/p>\n<p style=\"font-size: 20px; font-weight: bold; letter-spacing: 10px; color: #000; padding-bottom: 15px;\">UNA GALERIA D&#8217;ART A BARCELONA<\/p>\n<p>Sala Dalmau \u00e9s una <a href=\"https:\/\/www.saladalmau.com\/ca\/2018\/01\/30\/funcio-galeria-art\/\">galeria d&#8217;art <\/a>a Barcelona que uneix art modern i contemporani situada en una de les principals zones galer\u00edstiques de la ciutat, va ser fundada en 1979 per Francesc Draper i la seva filla Mariana. El nom de la galeria es un homenatge a en\u00a0<a href=\"https:\/\/www.saladalmau.com\/ca\/2018\/10\/10\/josep-dalmau-galeria-dalmau\/\">Josep Dalmau<\/a>, un dels grans marxants d&#8217;art de la Barcelona de principis del S.XX.<\/p>\n<p>Al seu espai conviuen <a href=\"\/?exposiciones-categorias=2017-ca\">artistes internacionals i espanyols<\/a> de diverses generacions. A trav\u00e9s dels seus artistes es poden apreciar les diferents corrents art\u00edstiques del S.XX, des de les avantguardes hist\u00f2riques i el constructivisme de Torres Garc\u00eda fins a una selecci\u00f3 de pintors contemporanis. Les propostes de la galer\u00eda est\u00e0n en constant evoluci\u00f3 i s\u00f3n fruit de la recerca permanent de nous valors, tant emergents com consolidats. La galeria ha rebut dos Premis ACCA (<a href=\"https:\/\/acca.cat\/\">Associaci\u00f3 Catalana Cr\u00edtica d&#8217;Art<\/a>) en 1999 i 2005. El 2017 la directora de la galeria, Mariana Draper, va ser gauardonada amb el Premi GAC d&#8217;Honor en reconeixement a la seva traject\u00f2ria galer\u00edstica.<\/p>\n<p>La Sala Dalmau col\u00b7labora peri\u00f2dicament amb museus i fundacions d&#8217;art en exposicions itinerants vinculades a les Avantguardes (MOMA, MNCARS, IVAM, CAAM, MNAC, Museu Picasso Barcelona\u2026). Aix\u00ed mateix, presenta exposicions dels seus artistes en diferents galeries nacionals i internacionals.<\/p>\n<p>&nbsp;<\/p>\n<p>[\/vc_column_text][\/vc_column][\/vc_row][vc_row][vc_column][vc_empty_space height=&#8221;45px&#8221;][\/vc_column][\/vc_row][vc_row][vc_column width=&#8221;1\/2&#8243;][vc_single_image image=&#8221;6858&#8243; img_size=&#8221;full&#8221; onclick=&#8221;link_image&#8221;][vc_empty_space][\/vc_column][vc_column width=&#8221;1\/2&#8243;][vc_single_image image=&#8221;6861&#8243; img_size=&#8221;full&#8221; onclick=&#8221;link_image&#8221;][vc_empty_space][\/vc_column][\/vc_row][vc_row el_class=&#8221;galeria&#8221;][vc_column width=&#8221;1\/3&#8243;][vc_video link=&#8221;https:\/\/www.youtube.com\/watch?v=R1oHMZQIK60&#8243;][vc_empty_space][\/vc_column][vc_column width=&#8221;1\/3&#8243;][vc_single_image image=&#8221;6849&#8243; img_size=&#8221;large&#8221; onclick=&#8221;img_link_large&#8221;][vc_empty_space][\/vc_column][vc_column width=&#8221;1\/3&#8243;][vc_single_image image=&#8221;6814&#8243; img_size=&#8221;large&#8221; onclick=&#8221;img_link_large&#8221; img_link_target=&#8221;_blank&#8221;][vc_empty_space][\/vc_column][\/vc_row][vc_row el_class=&#8221;galeria&#8221;][vc_column width=&#8221;1\/3&#8243;][vc_single_image image=&#8221;6852&#8243; img_size=&#8221;large&#8221; onclick=&#8221;img_link_large&#8221;][vc_empty_space][\/vc_column][vc_column width=&#8221;1\/3&#8243;][vc_single_image image=&#8221;6811&#8243; img_size=&#8221;large&#8221; onclick=&#8221;img_link_large&#8221; img_link_target=&#8221;_blank&#8221;][vc_empty_space][\/vc_column][vc_column width=&#8221;1\/3&#8243;][vc_single_image image=&#8221;6817&#8243; img_size=&#8221;large&#8221; onclick=&#8221;img_link_large&#8221;][vc_empty_space][\/vc_column][\/vc_row][vc_row el_class=&#8221;galeria&#8221;][vc_column width=&#8221;1\/3&#8243;][vc_single_image image=&#8221;6840&#8243; img_size=&#8221;large&#8221; onclick=&#8221;img_link_large&#8221; img_link_target=&#8221;_blank&#8221;][vc_empty_space][\/vc_column][vc_column width=&#8221;1\/3&#8243;][\/vc_column][vc_column width=&#8221;1\/3&#8243;][\/vc_column][\/vc_row]<\/p>\n<\/section>","protected":false},"excerpt":{"rendered":"<p>[vc_row][vc_column][vc_column_text] UNA GALERIA D&#8217;ART A BARCELONA Sala Dalmau \u00e9s una galeria d&#8217;art a Barcelona que uneix art modern i contemporani situada en una de les principals zones galer\u00edstiques de la ciutat, va ser fundada en 1979 per Francesc Draper i la seva filla Mariana. El [&hellip;]<\/p>\n","protected":false},"author":2,"featured_media":0,"parent":0,"menu_order":0,"comment_status":"closed","ping_status":"closed","template":"","meta":[],"acf":[],"_links":{"self":[{"href":"https:\/\/www.saladalmau.com\/ca\/wp-json\/wp\/v2\/pages\/276"}],"collection":[{"href":"https:\/\/www.saladalmau.com\/ca\/wp-json\/wp\/v2\/pages"}],"about":[{"href":"https:\/\/www.saladalmau.com\/ca\/wp-json\/wp\/v2\/types\/page"}],"author":[{"embeddable":true,"href":"https:\/\/www.saladalmau.com\/ca\/wp-json\/wp\/v2\/users\/2"}],"replies":[{"embeddable":true,"href":"https:\/\/www.saladalmau.com\/ca\/wp-json\/wp\/v2\/comments?post=276"}],"version-history":[{"count":23,"href":"https:\/\/www.saladalmau.com\/ca\/wp-json\/wp\/v2\/pages\/276\/revisions"}],"predecessor-version":[{"id":41053,"href":"https:\/\/www.saladalmau.com\/ca\/wp-json\/wp\/v2\/pages\/276\/revisions\/41053"}],"wp:attachment":[{"href":"https:\/\/www.saladalmau.com\/ca\/wp-json\/wp\/v2\/media?parent=276"}],"curies":[{"name":"wp","href":"https:\/\/api.w.org\/{rel}","templated":true}]}}